{"id":52429614,"date":"2025-05-04T17:07:33","date_gmt":"2025-05-04T15:07:33","guid":{"rendered":"https:\/\/regenerahealth.com\/prime\/?post_type=product&#038;p=52429614"},"modified":"2025-12-31T09:49:54","modified_gmt":"2025-12-31T08:49:54","slug":"longevidad-total-reset-energetico","status":"publish","type":"product","link":"https:\/\/regenerahealth.com\/prime\/producto\/longevidad-total-reset-energetico\/","title":{"rendered":"Curso &#8220;Longevidad Total: reset energ\u00e9tico&#8221;"},"content":{"rendered":"","protected":false},"excerpt":{"rendered":"<ul>\n<li>Rejuvenece tu cuerpo y energ\u00eda desde hoy mismo<\/li>\n<li>Para los que buscan un reset energ\u00e9tico<\/li>\n<li>Crea h\u00e1bitos que te llenen de energ\u00eda<\/li>\n<\/ul>\n","protected":false},"featured_media":52436246,"template":"","meta":{"site-sidebar-layout":"default","site-content-layout":"","ast-site-content-layout":"default","site-content-style":"default","site-sidebar-style":"default","ast-global-header-display":"","ast-banner-title-visibility":"","ast-main-header-display":"","ast-hfb-above-header-display":"","ast-hfb-below-header-display":"","ast-hfb-mobile-header-display":"","site-post-title":"","ast-breadcrumbs-content":"","ast-featured-img":"","footer-sml-layout":"","ast-disable-related-posts":"","theme-transparent-header-meta":"default","adv-header-id-meta":"","stick-header-meta":"","header-above-stick-meta":"","header-main-stick-meta":"","header-below-stick-meta":"","astra-migrate-meta-layouts":"set","ast-page-background-enabled":"default","ast-page-background-meta":{"desktop":{"background-color":"var(--ast-global-color-5)","background-image":"","background-repeat":"repeat","background-position":"center center","background-size":"auto","background-attachment":"scroll","background-type":"","background-media":"","overlay-type":"","overlay-color":"","overlay-opacity":"","overlay-gradient":""},"tablet":{"background-color":"","background-image":"","background-repeat":"repeat","background-position":"center center","background-size":"auto","background-attachment":"scroll","background-type":"","background-media":"","overlay-type":"","overlay-color":"","overlay-opacity":"","overlay-gradient":""},"mobile":{"background-color":"","background-image":"","background-repeat":"repeat","background-position":"center center","background-size":"auto","background-attachment":"scroll","background-type":"","background-media":"","overlay-type":"","overlay-color":"","overlay-opacity":"","overlay-gradient":""}},"ast-content-background-meta":{"desktop":{"background-color":"var(--ast-global-color-4)","background-image":"","background-repeat":"repeat","background-position":"center center","background-size":"auto","background-attachment":"scroll","background-type":"","background-media":"","overlay-type":"","overlay-color":"","overlay-opacity":"","overlay-gradient":""},"tablet":{"background-color":"var(--ast-global-color-4)","background-image":"","background-repeat":"repeat","background-position":"center center","background-size":"auto","background-attachment":"scroll","background-type":"","background-media":"","overlay-type":"","overlay-color":"","overlay-opacity":"","overlay-gradient":""},"mobile":{"background-color":"var(--ast-global-color-4)","background-image":"","background-repeat":"repeat","background-position":"center center","background-size":"auto","background-attachment":"scroll","background-type":"","background-media":"","overlay-type":"","overlay-color":"","overlay-opacity":"","overlay-gradient":""}}},"product_brand":[],"product_cat":[548],"product_tag":[691,577,610,689,556,609,608],"class_list":{"0":"post-52429614","1":"product","2":"type-product","3":"status-publish","4":"has-post-thumbnail","6":"product_cat-cursos","7":"product_tag-novedades","8":"product_tag-bienestar","9":"product_tag-calidad-de-vida","10":"product_tag-cursos","11":"product_tag-energia","12":"product_tag-envejecimiento-saludable","13":"product_tag-longevidad","14":"desktop-align-left","15":"tablet-align-left","16":"mobile-align-left","18":"first","19":"outofstock","20":"virtual","21":"taxable","22":"purchasable","23":"product-type-simple"},"yoast_head":"<!-- This site is optimized with the Yoast SEO plugin v27.4 - https:\/\/yoast.com\/product\/yoast-seo-wordpress\/ -->\n<title>Curso &quot;Longevidad Total: reset energ\u00e9tico&quot; - Regenera Prime<\/title>\n<meta name=\"robots\" content=\"noindex, follow\" \/>\n<meta property=\"og:locale\" content=\"es_ES\" \/>\n<meta property=\"og:type\" content=\"article\" \/>\n<meta property=\"og:title\" content=\"Curso &quot;Longevidad Total: reset energ\u00e9tico&quot; - Regenera Prime\" \/>\n<meta property=\"og:description\" content=\"Rejuvenece tu cuerpo y energ\u00eda desde hoy mismo  Para los que buscan un reset energ\u00e9tico  Crea h\u00e1bitos que te llenen de energ\u00eda\" \/>\n<meta property=\"og:url\" content=\"https:\/\/regenerahealth.com\/prime\/producto\/longevidad-total-reset-energetico\/\" \/>\n<meta property=\"og:site_name\" content=\"Regenera Prime\" \/>\n<meta property=\"article:modified_time\" content=\"2025-12-31T08:49:54+00:00\" \/>\n<meta property=\"og:image\" content=\"https:\/\/regenerahealth.com\/prime\/wp-content\/uploads\/2025\/05\/Curso_Longevidad-Saludable.webp\" \/>\n\t<meta property=\"og:image:width\" content=\"1200\" \/>\n\t<meta property=\"og:image:height\" content=\"1200\" \/>\n\t<meta property=\"og:image:type\" content=\"image\/webp\" \/>\n<meta name=\"twitter:card\" content=\"summary_large_image\" \/>\n<meta name=\"twitter:label1\" content=\"Tiempo de lectura\" \/>\n\t<meta name=\"twitter:data1\" content=\"1 minuto\" \/>\n<!-- \/ Yoast SEO plugin. -->","yoast_head_json":{"title":"Curso \"Longevidad Total: reset energ\u00e9tico\" - Regenera Prime","robots":{"index":"noindex","follow":"follow"},"og_locale":"es_ES","og_type":"article","og_title":"Curso \"Longevidad Total: reset energ\u00e9tico\" - Regenera Prime","og_description":"Rejuvenece tu cuerpo y energ\u00eda desde hoy mismo  Para los que buscan un reset energ\u00e9tico  Crea h\u00e1bitos que te llenen de energ\u00eda","og_url":"https:\/\/regenerahealth.com\/prime\/producto\/longevidad-total-reset-energetico\/","og_site_name":"Regenera Prime","article_modified_time":"2025-12-31T08:49:54+00:00","og_image":[{"width":1200,"height":1200,"url":"https:\/\/regenerahealth.com\/prime\/wp-content\/uploads\/2025\/05\/Curso_Longevidad-Saludable.webp","type":"image\/webp"}],"twitter_card":"summary_large_image","twitter_misc":{"Tiempo de lectura":"1 minuto"},"schema":{"@context":"https:\/\/schema.org","@graph":[{"@type":"WebPage","@id":"https:\/\/regenerahealth.com\/prime\/producto\/longevidad-total-reset-energetico\/","url":"https:\/\/regenerahealth.com\/prime\/producto\/longevidad-total-reset-energetico\/","name":"Curso \"Longevidad Total: reset energ\u00e9tico\" - Regenera Prime","isPartOf":{"@id":"https:\/\/regenerahealth.com\/prime\/#website"},"primaryImageOfPage":{"@id":"https:\/\/regenerahealth.com\/prime\/producto\/longevidad-total-reset-energetico\/#primaryimage"},"image":{"@id":"https:\/\/regenerahealth.com\/prime\/producto\/longevidad-total-reset-energetico\/#primaryimage"},"thumbnailUrl":"https:\/\/regenerahealth.com\/prime\/wp-content\/uploads\/2025\/05\/Curso_Longevidad-Saludable.webp","datePublished":"2025-05-04T15:07:33+00:00","dateModified":"2025-12-31T08:49:54+00:00","breadcrumb":{"@id":"https:\/\/regenerahealth.com\/prime\/producto\/longevidad-total-reset-energetico\/#breadcrumb"},"inLanguage":"es","potentialAction":[{"@type":"ReadAction","target":["https:\/\/regenerahealth.com\/prime\/producto\/longevidad-total-reset-energetico\/"]}]},{"@type":"ImageObject","inLanguage":"es","@id":"https:\/\/regenerahealth.com\/prime\/producto\/longevidad-total-reset-energetico\/#primaryimage","url":"https:\/\/regenerahealth.com\/prime\/wp-content\/uploads\/2025\/05\/Curso_Longevidad-Saludable.webp","contentUrl":"https:\/\/regenerahealth.com\/prime\/wp-content\/uploads\/2025\/05\/Curso_Longevidad-Saludable.webp","width":1200,"height":1200},{"@type":"BreadcrumbList","@id":"https:\/\/regenerahealth.com\/prime\/producto\/longevidad-total-reset-energetico\/#breadcrumb","itemListElement":[{"@type":"ListItem","position":1,"name":"Portada","item":"https:\/\/regenerahealth.com\/prime\/"},{"@type":"ListItem","position":2,"name":"Tienda","item":"https:\/\/regenerahealth.com\/prime\/tienda\/"},{"@type":"ListItem","position":3,"name":"Curso &#8220;Longevidad Total: reset energ\u00e9tico&#8221;"}]},{"@type":"WebSite","@id":"https:\/\/regenerahealth.com\/prime\/#website","url":"https:\/\/regenerahealth.com\/prime\/","name":"Regenera Prime","description":"Plataforma de contenido con un Postgrado nuevo al a\u00f1o, un Curso nuevo cada mes y m\u00e1s de 200 v\u00eddeos de Congresos y Summits Regenera. Todo\u00a0por\u00a0solo\u00a089\u20ac.","publisher":{"@id":"https:\/\/regenerahealth.com\/prime\/#organization"},"potentialAction":[{"@type":"SearchAction","target":{"@type":"EntryPoint","urlTemplate":"https:\/\/regenerahealth.com\/prime\/?s={search_term_string}"},"query-input":{"@type":"PropertyValueSpecification","valueRequired":true,"valueName":"search_term_string"}}],"inLanguage":"es"},{"@type":"Organization","@id":"https:\/\/regenerahealth.com\/prime\/#organization","name":"Regenera Prime","url":"https:\/\/regenerahealth.com\/prime\/","logo":{"@type":"ImageObject","inLanguage":"es","@id":"https:\/\/regenerahealth.com\/prime\/#\/schema\/logo\/image\/","url":"https:\/\/regenerahealth.com\/prime\/wp-content\/uploads\/2025\/05\/Logo-regenera-prime-.webp","contentUrl":"https:\/\/regenerahealth.com\/prime\/wp-content\/uploads\/2025\/05\/Logo-regenera-prime-.webp","width":600,"height":105,"caption":"Regenera Prime"},"image":{"@id":"https:\/\/regenerahealth.com\/prime\/#\/schema\/logo\/image\/"}}]}},"_links":{"self":[{"href":"https:\/\/regenerahealth.com\/prime\/wp-json\/wp\/v2\/product\/52429614","targetHints":{"allow":["GET"]}}],"collection":[{"href":"https:\/\/regenerahealth.com\/prime\/wp-json\/wp\/v2\/product"}],"about":[{"href":"https:\/\/regenerahealth.com\/prime\/wp-json\/wp\/v2\/types\/product"}],"version-history":[{"count":3,"href":"https:\/\/regenerahealth.com\/prime\/wp-json\/wp\/v2\/product\/52429614\/revisions"}],"predecessor-version":[{"id":52436234,"href":"https:\/\/regenerahealth.com\/prime\/wp-json\/wp\/v2\/product\/52429614\/revisions\/52436234"}],"wp:featuredmedia":[{"embeddable":true,"href":"https:\/\/regenerahealth.com\/prime\/wp-json\/wp\/v2\/media\/52436246"}],"wp:attachment":[{"href":"https:\/\/regenerahealth.com\/prime\/wp-json\/wp\/v2\/media?parent=52429614"}],"wp:term":[{"taxonomy":"product_brand","embeddable":true,"href":"https:\/\/regenerahealth.com\/prime\/wp-json\/wp\/v2\/product_brand?post=52429614"},{"taxonomy":"product_cat","embeddable":true,"href":"https:\/\/regenerahealth.com\/prime\/wp-json\/wp\/v2\/product_cat?post=52429614"},{"taxonomy":"product_tag","embeddable":true,"href":"https:\/\/regenerahealth.com\/prime\/wp-json\/wp\/v2\/product_tag?post=52429614"}],"curies":[{"name":"wp","href":"https:\/\/api.w.org\/{rel}","templated":true}]}}