{"id":52434446,"date":"2025-05-02T17:07:17","date_gmt":"2025-05-02T15:07:17","guid":{"rendered":"https:\/\/regenerahealth.com\/prime\/?post_type=product&#038;p=52434446"},"modified":"2025-12-31T09:45:59","modified_gmt":"2025-12-31T08:45:59","slug":"microbiota-summit","status":"publish","type":"product","link":"https:\/\/regenerahealth.com\/prime\/producto\/microbiota-summit\/","title":{"rendered":"Microbiota Summit"},"content":{"rendered":"","protected":false},"excerpt":{"rendered":"","protected":false},"featured_media":52439037,"template":"","meta":{"site-sidebar-layout":"default","site-content-layout":"","ast-site-content-layout":"default","site-content-style":"default","site-sidebar-style":"default","ast-global-header-display":"","ast-banner-title-visibility":"","ast-main-header-display":"","ast-hfb-above-header-display":"","ast-hfb-below-header-display":"","ast-hfb-mobile-header-display":"","site-post-title":"","ast-breadcrumbs-content":"","ast-featured-img":"","footer-sml-layout":"","ast-disable-related-posts":"","theme-transparent-header-meta":"default","adv-header-id-meta":"","stick-header-meta":"","header-above-stick-meta":"","header-main-stick-meta":"","header-below-stick-meta":"","astra-migrate-meta-layouts":"set","ast-page-background-enabled":"default","ast-page-background-meta":{"desktop":{"background-color":"var(--ast-global-color-5)","background-image":"","background-repeat":"repeat","background-position":"center center","background-size":"auto","background-attachment":"scroll","background-type":"","background-media":"","overlay-type":"","overlay-color":"","overlay-opacity":"","overlay-gradient":""},"tablet":{"background-color":"","background-image":"","background-repeat":"repeat","background-position":"center center","background-size":"auto","background-attachment":"scroll","background-type":"","background-media":"","overlay-type":"","overlay-color":"","overlay-opacity":"","overlay-gradient":""},"mobile":{"background-color":"","background-image":"","background-repeat":"repeat","background-position":"center center","background-size":"auto","background-attachment":"scroll","background-type":"","background-media":"","overlay-type":"","overlay-color":"","overlay-opacity":"","overlay-gradient":""}},"ast-content-background-meta":{"desktop":{"background-color":"var(--ast-global-color-4)","background-image":"","background-repeat":"repeat","background-position":"center center","background-size":"auto","background-attachment":"scroll","background-type":"","background-media":"","overlay-type":"","overlay-color":"","overlay-opacity":"","overlay-gradient":""},"tablet":{"background-color":"var(--ast-global-color-4)","background-image":"","background-repeat":"repeat","background-position":"center center","background-size":"auto","background-attachment":"scroll","background-type":"","background-media":"","overlay-type":"","overlay-color":"","overlay-opacity":"","overlay-gradient":""},"mobile":{"background-color":"var(--ast-global-color-4)","background-image":"","background-repeat":"repeat","background-position":"center center","background-size":"auto","background-attachment":"scroll","background-type":"","background-media":"","overlay-type":"","overlay-color":"","overlay-opacity":"","overlay-gradient":""}}},"product_brand":[],"product_cat":[632],"product_tag":[636,653,645,634,692],"class_list":{"0":"post-52434446","1":"product","2":"type-product","3":"status-publish","4":"has-post-thumbnail","6":"product_cat-summits","7":"product_tag-inmunidad","8":"product_tag-microbioma","9":"product_tag-nutricion-funcional","10":"product_tag-prevencion","11":"product_tag-summits","12":"desktop-align-left","13":"tablet-align-left","14":"mobile-align-left","16":"first","17":"outofstock","18":"virtual","19":"taxable","20":"purchasable","21":"product-type-simple"},"yoast_head":"<!-- This site is optimized with the Yoast SEO plugin v27.3 - https:\/\/yoast.com\/product\/yoast-seo-wordpress\/ -->\n<title>Microbiota Summit - Regenera Prime<\/title>\n<meta name=\"robots\" content=\"noindex, follow\" \/>\n<meta property=\"og:locale\" content=\"es_ES\" \/>\n<meta property=\"og:type\" content=\"article\" \/>\n<meta property=\"og:title\" content=\"Microbiota Summit - Regenera Prime\" \/>\n<meta property=\"og:url\" content=\"https:\/\/regenerahealth.com\/prime\/producto\/microbiota-summit\/\" \/>\n<meta property=\"og:site_name\" content=\"Regenera Prime\" \/>\n<meta property=\"article:modified_time\" content=\"2025-12-31T08:45:59+00:00\" \/>\n<meta property=\"og:image\" content=\"https:\/\/regenerahealth.com\/prime\/wp-content\/uploads\/2025\/05\/primer-microbiota-summit-min.webp\" \/>\n\t<meta property=\"og:image:width\" content=\"1600\" \/>\n\t<meta property=\"og:image:height\" content=\"1600\" \/>\n\t<meta property=\"og:image:type\" content=\"image\/webp\" \/>\n<meta name=\"twitter:card\" content=\"summary_large_image\" \/>\n<meta name=\"twitter:label1\" content=\"Tiempo de lectura\" \/>\n\t<meta name=\"twitter:data1\" content=\"1 minuto\" \/>\n<!-- \/ Yoast SEO plugin. -->","yoast_head_json":{"title":"Microbiota Summit - Regenera Prime","robots":{"index":"noindex","follow":"follow"},"og_locale":"es_ES","og_type":"article","og_title":"Microbiota Summit - Regenera Prime","og_url":"https:\/\/regenerahealth.com\/prime\/producto\/microbiota-summit\/","og_site_name":"Regenera Prime","article_modified_time":"2025-12-31T08:45:59+00:00","og_image":[{"width":1600,"height":1600,"url":"https:\/\/regenerahealth.com\/prime\/wp-content\/uploads\/2025\/05\/primer-microbiota-summit-min.webp","type":"image\/webp"}],"twitter_card":"summary_large_image","twitter_misc":{"Tiempo de lectura":"1 minuto"},"schema":{"@context":"https:\/\/schema.org","@graph":[{"@type":"WebPage","@id":"https:\/\/regenerahealth.com\/prime\/producto\/microbiota-summit\/","url":"https:\/\/regenerahealth.com\/prime\/producto\/microbiota-summit\/","name":"Microbiota Summit - Regenera Prime","isPartOf":{"@id":"https:\/\/regenerahealth.com\/prime\/#website"},"primaryImageOfPage":{"@id":"https:\/\/regenerahealth.com\/prime\/producto\/microbiota-summit\/#primaryimage"},"image":{"@id":"https:\/\/regenerahealth.com\/prime\/producto\/microbiota-summit\/#primaryimage"},"thumbnailUrl":"https:\/\/regenerahealth.com\/prime\/wp-content\/uploads\/2025\/05\/primer-microbiota-summit-min.webp","datePublished":"2025-05-02T15:07:17+00:00","dateModified":"2025-12-31T08:45:59+00:00","breadcrumb":{"@id":"https:\/\/regenerahealth.com\/prime\/producto\/microbiota-summit\/#breadcrumb"},"inLanguage":"es","potentialAction":[{"@type":"ReadAction","target":["https:\/\/regenerahealth.com\/prime\/producto\/microbiota-summit\/"]}]},{"@type":"ImageObject","inLanguage":"es","@id":"https:\/\/regenerahealth.com\/prime\/producto\/microbiota-summit\/#primaryimage","url":"https:\/\/regenerahealth.com\/prime\/wp-content\/uploads\/2025\/05\/primer-microbiota-summit-min.webp","contentUrl":"https:\/\/regenerahealth.com\/prime\/wp-content\/uploads\/2025\/05\/primer-microbiota-summit-min.webp","width":1600,"height":1600},{"@type":"BreadcrumbList","@id":"https:\/\/regenerahealth.com\/prime\/producto\/microbiota-summit\/#breadcrumb","itemListElement":[{"@type":"ListItem","position":1,"name":"Portada","item":"https:\/\/regenerahealth.com\/prime\/"},{"@type":"ListItem","position":2,"name":"Tienda","item":"https:\/\/regenerahealth.com\/prime\/tienda\/"},{"@type":"ListItem","position":3,"name":"Microbiota Summit"}]},{"@type":"WebSite","@id":"https:\/\/regenerahealth.com\/prime\/#website","url":"https:\/\/regenerahealth.com\/prime\/","name":"Regenera Prime","description":"Plataforma de contenido con un Postgrado nuevo al a\u00f1o, un Curso nuevo cada mes y m\u00e1s de 200 v\u00eddeos de Congresos y Summits Regenera. Todo\u00a0por\u00a0solo\u00a089\u20ac.","publisher":{"@id":"https:\/\/regenerahealth.com\/prime\/#organization"},"potentialAction":[{"@type":"SearchAction","target":{"@type":"EntryPoint","urlTemplate":"https:\/\/regenerahealth.com\/prime\/?s={search_term_string}"},"query-input":{"@type":"PropertyValueSpecification","valueRequired":true,"valueName":"search_term_string"}}],"inLanguage":"es"},{"@type":"Organization","@id":"https:\/\/regenerahealth.com\/prime\/#organization","name":"Regenera Prime","url":"https:\/\/regenerahealth.com\/prime\/","logo":{"@type":"ImageObject","inLanguage":"es","@id":"https:\/\/regenerahealth.com\/prime\/#\/schema\/logo\/image\/","url":"https:\/\/regenerahealth.com\/prime\/wp-content\/uploads\/2025\/05\/Logo-regenera-prime-.webp","contentUrl":"https:\/\/regenerahealth.com\/prime\/wp-content\/uploads\/2025\/05\/Logo-regenera-prime-.webp","width":600,"height":105,"caption":"Regenera Prime"},"image":{"@id":"https:\/\/regenerahealth.com\/prime\/#\/schema\/logo\/image\/"}}]}},"_links":{"self":[{"href":"https:\/\/regenerahealth.com\/prime\/wp-json\/wp\/v2\/product\/52434446","targetHints":{"allow":["GET"]}}],"collection":[{"href":"https:\/\/regenerahealth.com\/prime\/wp-json\/wp\/v2\/product"}],"about":[{"href":"https:\/\/regenerahealth.com\/prime\/wp-json\/wp\/v2\/types\/product"}],"version-history":[{"count":1,"href":"https:\/\/regenerahealth.com\/prime\/wp-json\/wp\/v2\/product\/52434446\/revisions"}],"predecessor-version":[{"id":52434460,"href":"https:\/\/regenerahealth.com\/prime\/wp-json\/wp\/v2\/product\/52434446\/revisions\/52434460"}],"wp:featuredmedia":[{"embeddable":true,"href":"https:\/\/regenerahealth.com\/prime\/wp-json\/wp\/v2\/media\/52439037"}],"wp:attachment":[{"href":"https:\/\/regenerahealth.com\/prime\/wp-json\/wp\/v2\/media?parent=52434446"}],"wp:term":[{"taxonomy":"product_brand","embeddable":true,"href":"https:\/\/regenerahealth.com\/prime\/wp-json\/wp\/v2\/product_brand?post=52434446"},{"taxonomy":"product_cat","embeddable":true,"href":"https:\/\/regenerahealth.com\/prime\/wp-json\/wp\/v2\/product_cat?post=52434446"},{"taxonomy":"product_tag","embeddable":true,"href":"https:\/\/regenerahealth.com\/prime\/wp-json\/wp\/v2\/product_tag?post=52434446"}],"curies":[{"name":"wp","href":"https:\/\/api.w.org\/{rel}","templated":true}]}}